{"id":1137,"date":"2024-05-07T17:19:15","date_gmt":"2024-05-07T17:19:15","guid":{"rendered":"https:\/\/lifelight-entertainment.de\/?page_id=1137"},"modified":"2024-05-07T17:29:01","modified_gmt":"2024-05-07T17:29:01","slug":"crackin-smackin-datenschutzerklaerung","status":"publish","type":"page","link":"https:\/\/lifelight-entertainment.de\/en\/crackin-smackin-datenschutzerklaerung\/","title":{"rendered":"Crackin&#8216; Smackin &#8211; Datenschutzerkl\u00e4rung"},"content":{"rendered":"<p>Diese Datenschutzerkl\u00e4rung gilt f\u00fcr die Nutzung des Videospiels &#8222;Crackin&#8216; Smackin'&#8220; (das &#8222;Spiel&#8220;) von Lifelight Entertainment GmbH (&#8222;Wir&#8220;, &#8222;uns&#8220; oder &#8222;unser&#8220;). Wir respektieren Ihre Privatsph\u00e4re und sind bestrebt, Ihre personenbezogenen Daten gem\u00e4\u00df den geltenden Datenschutzgesetzen, einschlie\u00dflich der Datenschutzgrundverordnung (DSGVO), zu sch\u00fctzen.<\/p>\n\n\n\n<ol>\n<li>Datenerhebung und Verwendung<br>Wir erheben und verwenden nur Ihre Steam-ID zum Zweck der Authentifizierung und Bereitstellung des Spiels. Wir speichern keine weiteren personenbezogenen Daten \u00fcber Sie.<\/li>\n\n\n\n<li>Rechtsgrundlage f\u00fcr die Datenverarbeitung<br>Die Verarbeitung Ihrer Steam-ID erfolgt auf der Grundlage Ihrer Zustimmung gem\u00e4\u00df Artikel 6 Absatz 1 Buchstabe a DSGVO, die Sie durch die Nutzung des Spiels erteilen.<\/li>\n\n\n\n<li>Datensicherheit<br>Wir ergreifen angemessene technische und organisatorische Ma\u00dfnahmen, um Ihre Daten vor Verlust, Missbrauch und unbefugtem Zugriff zu sch\u00fctzen. Ihre Steam-ID wird auf sicheren Servern gespeichert und nur f\u00fcr die oben genannten Zwecke verwendet.<\/li>\n\n\n\n<li>Datenweitergabe<br>Wir geben Ihre Steam-ID nicht an Dritte weiter, es sei denn, dies ist zur Erf\u00fcllung gesetzlicher Verpflichtungen erforderlich oder erfolgt im Rahmen der Bereitstellung des Spiels, beispielsweise an Valve Corporation zur Authentifizierung \u00fcber die Steam-Plattform.<\/li>\n\n\n\n<li>Ihre Rechte<br>Gem\u00e4\u00df den Bestimmungen der DSGVO haben Sie das Recht auf Auskunft \u00fcber die Verarbeitung Ihrer personenbezogenen Daten, das Recht auf Berichtigung unrichtiger Daten, das Recht auf L\u00f6schung Ihrer Daten (unter bestimmten Umst\u00e4nden), das Recht auf Einschr\u00e4nkung der Verarbeitung sowie das Recht auf Daten\u00fcbertragbarkeit.<\/li>\n\n\n\n<li>Contact<br>Wenn Sie Fragen oder Bedenken hinsichtlich unserer Datenschutzpraktiken haben oder Ihre Rechte gem\u00e4\u00df dieser Datenschutzerkl\u00e4rung aus\u00fcben m\u00f6chten, k\u00f6nnen Sie uns unter den folgenden Kontaktdaten erreichen:<br>Lifelight Entertainment GmbH<br>Freie-Vogel-Stra\u00dfe 369<br>44269 Dortmund<br>E-Mail: contact@lifelight-entertainment.de<\/li>\n\n\n\n<li>\u00c4nderungen dieser Datenschutzerkl\u00e4rung<br>Wir behalten uns das Recht vor, diese Datenschutzerkl\u00e4rung jederzeit zu \u00e4ndern oder zu aktualisieren. Wir werden alle \u00c4nderungen auf unserer Website ver\u00f6ffentlichen und Sie \u00fcber wesentliche \u00c4nderungen informieren.<br>Diese Datenschutzerkl\u00e4rung wurde zuletzt am 06.05.2024 aktualisiert.<\/li>\n<\/ol>\n\n\n\n<p>Steam: <a href=\"https:\/\/store.steampowered.com\/app\/1875100\/Crackin_Smackin\/\" target=\"_blank\" rel=\"noreferrer noopener\">https:\/\/store.steampowered.com\/app\/1875100\/Crackin_Smackin\/<\/a><\/p>","protected":false},"excerpt":{"rendered":"<p>Diese Datenschutzerkl\u00e4rung gilt f\u00fcr die Nutzung des Videospiels &#8222;Crackin&#8216; Smackin&#8217;&#8220; (das &#8222;Spiel&#8220;) von Lifelight Entertainment GmbH (&#8222;Wir&#8220;, &#8222;uns&#8220; oder &#8222;unser&#8220;). Wir respektieren Ihre Privatsph\u00e4re und sind bestrebt, Ihre personenbezogenen Daten gem\u00e4\u00df den geltenden Datenschutzgesetzen, einschlie\u00dflich der Datenschutzgrundverordnung (DSGVO), zu sch\u00fctzen. Steam: https:\/\/store.steampowered.com\/app\/1875100\/Crackin_Smackin\/<\/p>","protected":false},"author":3,"featured_media":0,"parent":0,"menu_order":0,"comment_status":"closed","ping_status":"closed","template":"","meta":{"_eb_attr":""},"_links":{"self":[{"href":"https:\/\/lifelight-entertainment.de\/en\/wp-json\/wp\/v2\/pages\/1137"}],"collection":[{"href":"https:\/\/lifelight-entertainment.de\/en\/wp-json\/wp\/v2\/pages"}],"about":[{"href":"https:\/\/lifelight-entertainment.de\/en\/wp-json\/wp\/v2\/types\/page"}],"author":[{"embeddable":true,"href":"https:\/\/lifelight-entertainment.de\/en\/wp-json\/wp\/v2\/users\/3"}],"replies":[{"embeddable":true,"href":"https:\/\/lifelight-entertainment.de\/en\/wp-json\/wp\/v2\/comments?post=1137"}],"version-history":[{"count":2,"href":"https:\/\/lifelight-entertainment.de\/en\/wp-json\/wp\/v2\/pages\/1137\/revisions"}],"predecessor-version":[{"id":1146,"href":"https:\/\/lifelight-entertainment.de\/en\/wp-json\/wp\/v2\/pages\/1137\/revisions\/1146"}],"wp:attachment":[{"href":"https:\/\/lifelight-entertainment.de\/en\/wp-json\/wp\/v2\/media?parent=1137"}],"curies":[{"name":"wp","href":"https:\/\/api.w.org\/{rel}","templated":true}]}}